{"id":34,"date":"2023-11-13T16:06:41","date_gmt":"2023-11-13T15:06:41","guid":{"rendered":"https:\/\/aat-despontin.be\/?page_id=34"},"modified":"2024-01-02T15:20:49","modified_gmt":"2024-01-02T14:20:49","slug":"a-propos","status":"publish","type":"page","link":"https:\/\/aat-despontin.be\/index.php\/a-propos\/","title":{"rendered":"\u00c0 propos"},"content":{"rendered":"\t\t<div data-elementor-type=\"wp-page\" data-elementor-id=\"34\" class=\"elementor elementor-34\">\n\t\t\t\t\t\t\t<div class=\"elementor-element elementor-element-2533a73 e-flex e-con-boxed e-con e-parent\" data-id=\"2533a73\" data-element_type=\"container\" data-settings=\"{&quot;background_background&quot;:&quot;gradient&quot;,&quot;content_width&quot;:&quot;boxed&quot;}\" data-core-v316-plus=\"true\">\n\t\t\t\t\t<div class=\"e-con-inner\">\n\t\t<div class=\"elementor-element elementor-element-3fd52e2 e-con-full e-flex e-con e-child\" data-id=\"3fd52e2\" data-element_type=\"container\" data-settings=\"{&quot;content_width&quot;:&quot;full&quot;,&quot;background_background&quot;:&quot;classic&quot;}\">\n\t\t\t\t<\/div>\n\t\t<div class=\"elementor-element elementor-element-cf4acba e-con-full e-flex e-con e-child\" data-id=\"cf4acba\" data-element_type=\"container\" data-settings=\"{&quot;content_width&quot;:&quot;full&quot;,&quot;background_background&quot;:&quot;classic&quot;}\">\n\t\t\t\t<div class=\"elementor-element elementor-element-6e293f2 elementor-widget elementor-widget-heading\" data-id=\"6e293f2\" data-element_type=\"widget\" data-widget_type=\"heading.default\">\n\t\t\t\t<div class=\"elementor-widget-container\">\n\t\t\t<style>\/*! elementor - v3.18.0 - 08-12-2023 *\/\n.elementor-heading-title{padding:0;margin:0;line-height:1}.elementor-widget-heading .elementor-heading-title[class*=elementor-size-]>a{color:inherit;font-size:inherit;line-height:inherit}.elementor-widget-heading .elementor-heading-title.elementor-size-small{font-size:15px}.elementor-widget-heading .elementor-heading-title.elementor-size-medium{font-size:19px}.elementor-widget-heading .elementor-heading-title.elementor-size-large{font-size:29px}.elementor-widget-heading .elementor-heading-title.elementor-size-xl{font-size:39px}.elementor-widget-heading .elementor-heading-title.elementor-size-xxl{font-size:59px}<\/style><h2 class=\"elementor-heading-title elementor-size-default\">Qui suis-je?<\/h2>\t\t<\/div>\n\t\t\t\t<\/div>\n\t\t\t\t<div class=\"elementor-element elementor-element-0ea2531 elementor-widget elementor-widget-text-editor\" data-id=\"0ea2531\" data-element_type=\"widget\" data-widget_type=\"text-editor.default\">\n\t\t\t\t<div class=\"elementor-widget-container\">\n\t\t\t<style>\/*! elementor - v3.18.0 - 08-12-2023 *\/\n.elementor-widget-text-editor.elementor-drop-cap-view-stacked .elementor-drop-cap{background-color:#69727d;color:#fff}.elementor-widget-text-editor.elementor-drop-cap-view-framed .elementor-drop-cap{color:#69727d;border:3px solid;background-color:transparent}.elementor-widget-text-editor:not(.elementor-drop-cap-view-default) .elementor-drop-cap{margin-top:8px}.elementor-widget-text-editor:not(.elementor-drop-cap-view-default) .elementor-drop-cap-letter{width:1em;height:1em}.elementor-widget-text-editor .elementor-drop-cap{float:left;text-align:center;line-height:1;font-size:50px}.elementor-widget-text-editor .elementor-drop-cap-letter{display:inline-block}<\/style>\t\t\t\t<p>Il y a quinze ans, \u00e9tant enseignante, j\u2019ai \u00e9t\u00e9 diagnostiqu\u00e9e fibromyalgique, depuis, j\u2019ai fait de ce syndrome le d\u00e9clencheur d\u2019un autre style de vie.<\/p><p>Je luttais avec force de caract\u00e8re contre cette maladie et allais au-del\u00e0 de la douleur, j\u2019essayais de repousser mes limites afin de la rendre plus discr\u00e8te car j\u2019en avais honte.<\/p><p>En 2020, je me suis retrouv\u00e9e en chaise roulante, ayant besoin d\u2019aide pour me lever, me laver, m\u2019habiller, \u2026 avec, pour cons\u00e9quence, un cong\u00e9 maladie de longue dur\u00e9e. <br \/>Au cours de cette p\u00e9riode, j\u2019ai compris que lutter ne m\u2019aiderait pas. Un cheminement afin de mieux \u00e9couter mon corps s\u2019est alors impos\u00e9 \u00e0 moi.<\/p><p>J\u2019ai retrouv\u00e9 plus d\u2019autonomie, je me sens bien dans ma peau, plus sereine, avec mes forces, mes faiblesses et mes limites m\u00eame si la fibro m\u2019encombre toujours.<\/p>\t\t\t\t\t\t<\/div>\n\t\t\t\t<\/div>\n\t\t\t\t<\/div>\n\t\t\t\t\t<\/div>\n\t\t\t\t<\/div>\n\t\t<div class=\"elementor-element elementor-element-f1b1a3e e-flex e-con-boxed e-con e-parent\" data-id=\"f1b1a3e\" data-element_type=\"container\" data-settings=\"{&quot;background_background&quot;:&quot;classic&quot;,&quot;content_width&quot;:&quot;boxed&quot;}\" data-core-v316-plus=\"true\">\n\t\t\t\t\t<div class=\"e-con-inner\">\n\t\t<div class=\"elementor-element elementor-element-37974ff e-flex e-con-boxed e-con e-child\" data-id=\"37974ff\" data-element_type=\"container\" data-settings=\"{&quot;background_background&quot;:&quot;classic&quot;,&quot;content_width&quot;:&quot;boxed&quot;}\">\n\t\t\t\t\t<div class=\"e-con-inner\">\n\t\t\t\t<div class=\"elementor-element elementor-element-443f289 elementor-widget elementor-widget-heading\" data-id=\"443f289\" data-element_type=\"widget\" data-widget_type=\"heading.default\">\n\t\t\t\t<div class=\"elementor-widget-container\">\n\t\t\t<h2 class=\"elementor-heading-title elementor-size-default\">Mais que s\u2019est-il pass\u00e9 ? <\/h2>\t\t<\/div>\n\t\t\t\t<\/div>\n\t\t\t\t<div class=\"elementor-element elementor-element-431fa7a elementor-widget elementor-widget-text-editor\" data-id=\"431fa7a\" data-element_type=\"widget\" data-widget_type=\"text-editor.default\">\n\t\t\t\t<div class=\"elementor-widget-container\">\n\t\t\t\t\t\t\t<p><strong><em><span style=\"text-decoration: underline;\">J\u2019ai accept\u00e9 la maladie et continue de l\u2019apprivoiser chaque jour.<\/span><\/em><\/strong><br \/><strong>Je vis <span style=\"text-decoration: underline;\">AVEC<\/span> et plus CONTRE !<\/strong><\/p><p>Comprenant que j\u2019\u00e9tais sur un bon chemin, je me suis dit que je ne pouvais pas garder ces bienfaits pour moi seule. Mon besoin d\u2019aider les autres, ma bonne humeur, mon enthousiasme, mon don pour l\u2019\u00e9coute et ma bienveillance sont les valeurs qui me portent vers l\u2019accompagnement de mes pairs.<\/p><p>Mon parcours personnel avec ses exp\u00e9riences, mes formations sur <strong>la gestion de stress<\/strong>, sur l\u2019enn\u00e9agramme, l\u2019art th\u00e9rapie, le journal cr\u00e9atif\u00ae et en coaching sont de tr\u00e8s bons outils pour vous accompagner dans votre d\u00e9couverte de vous\u2013m\u00eame. Bien s\u00fbr, l\u2019essentiel du travail viendra de vous.<\/p>\t\t\t\t\t\t<\/div>\n\t\t\t\t<\/div>\n\t\t\t\t<div class=\"elementor-element elementor-element-d427c80 elementor-align-center elementor-widget elementor-widget-button\" data-id=\"d427c80\" data-element_type=\"widget\" data-widget_type=\"button.default\">\n\t\t\t\t<div class=\"elementor-widget-container\">\n\t\t\t\t\t<div class=\"elementor-button-wrapper\">\n\t\t\t<a class=\"elementor-button elementor-button-link elementor-size-lg elementor-animation-float\" href=\"https:\/\/aat-despontin.be\/index.php\/contact\/\">\n\t\t\t\t\t\t<span class=\"elementor-button-content-wrapper\">\n\t\t\t\t\t\t<span class=\"elementor-button-icon elementor-align-icon-right\">\n\t\t\t\t<svg aria-hidden=\"true\" class=\"e-font-icon-svg e-fas-chevron-right\" viewBox=\"0 0 320 512\" xmlns=\"http:\/\/www.w3.org\/2000\/svg\"><path d=\"M285.476 272.971L91.132 467.314c-9.373 9.373-24.569 9.373-33.941 0l-22.667-22.667c-9.357-9.357-9.375-24.522-.04-33.901L188.505 256 34.484 101.255c-9.335-9.379-9.317-24.544.04-33.901l22.667-22.667c9.373-9.373 24.569-9.373 33.941 0L285.475 239.03c9.373 9.372 9.373 24.568.001 33.941z\"><\/path><\/svg>\t\t\t<\/span>\n\t\t\t\t\t\t<span class=\"elementor-button-text\">Me contacter<\/span>\n\t\t<\/span>\n\t\t\t\t\t<\/a>\n\t\t<\/div>\n\t\t\t\t<\/div>\n\t\t\t\t<\/div>\n\t\t\t\t\t<\/div>\n\t\t\t\t<\/div>\n\t\t\t\t\t<\/div>\n\t\t\t\t<\/div>\n\t\t\t\t\t\t\t<\/div>\n\t\t","protected":false},"excerpt":{"rendered":"<p>Qui suis-je? Il y a quinze ans, \u00e9tant enseignante, j\u2019ai \u00e9t\u00e9 diagnostiqu\u00e9e fibromyalgique, depuis, j\u2019ai fait de ce syndrome le d\u00e9clencheur d\u2019un autre style de vie. Je luttais avec force de caract\u00e8re contre cette maladie et allais au-del\u00e0 de la douleur, j\u2019essayais de repousser mes limites afin de la rendre plus discr\u00e8te car j\u2019en avais [&hellip;]<\/p>\n","protected":false},"author":2,"featured_media":0,"parent":0,"menu_order":0,"comment_status":"closed","ping_status":"closed","template":"","meta":{"footnotes":""},"class_list":["post-34","page","type-page","status-publish","hentry"],"_links":{"self":[{"href":"https:\/\/aat-despontin.be\/index.php\/wp-json\/wp\/v2\/pages\/34","targetHints":{"allow":["GET"]}}],"collection":[{"href":"https:\/\/aat-despontin.be\/index.php\/wp-json\/wp\/v2\/pages"}],"about":[{"href":"https:\/\/aat-despontin.be\/index.php\/wp-json\/wp\/v2\/types\/page"}],"author":[{"embeddable":true,"href":"https:\/\/aat-despontin.be\/index.php\/wp-json\/wp\/v2\/users\/2"}],"replies":[{"embeddable":true,"href":"https:\/\/aat-despontin.be\/index.php\/wp-json\/wp\/v2\/comments?post=34"}],"version-history":[{"count":34,"href":"https:\/\/aat-despontin.be\/index.php\/wp-json\/wp\/v2\/pages\/34\/revisions"}],"predecessor-version":[{"id":1166,"href":"https:\/\/aat-despontin.be\/index.php\/wp-json\/wp\/v2\/pages\/34\/revisions\/1166"}],"wp:attachment":[{"href":"https:\/\/aat-despontin.be\/index.php\/wp-json\/wp\/v2\/media?parent=34"}],"curies":[{"name":"wp","href":"https:\/\/api.w.org\/{rel}","templated":true}]}}