{"id":28,"date":"2023-11-13T16:04:22","date_gmt":"2023-11-13T15:04:22","guid":{"rendered":"https:\/\/aat-despontin.be\/?page_id=28"},"modified":"2024-01-02T15:25:24","modified_gmt":"2024-01-02T14:25:24","slug":"accompagnement","status":"publish","type":"page","link":"https:\/\/aat-despontin.be\/index.php\/accompagnement\/","title":{"rendered":"Accompagnement"},"content":{"rendered":"\t\t<div data-elementor-type=\"wp-page\" data-elementor-id=\"28\" class=\"elementor elementor-28\">\n\t\t\t\t\t\t\t<div class=\"elementor-element elementor-element-6407f5b e-flex e-con-boxed e-con e-parent\" data-id=\"6407f5b\" data-element_type=\"container\" data-settings=\"{&quot;background_background&quot;:&quot;classic&quot;,&quot;content_width&quot;:&quot;boxed&quot;}\" data-core-v316-plus=\"true\">\n\t\t\t\t\t<div class=\"e-con-inner\">\n\t\t\t\t<div class=\"elementor-element elementor-element-89cb904 elementor-widget elementor-widget-heading\" data-id=\"89cb904\" data-element_type=\"widget\" data-widget_type=\"heading.default\">\n\t\t\t\t<div class=\"elementor-widget-container\">\n\t\t\t<style>\/*! elementor - v3.18.0 - 08-12-2023 *\/\n.elementor-heading-title{padding:0;margin:0;line-height:1}.elementor-widget-heading .elementor-heading-title[class*=elementor-size-]>a{color:inherit;font-size:inherit;line-height:inherit}.elementor-widget-heading .elementor-heading-title.elementor-size-small{font-size:15px}.elementor-widget-heading .elementor-heading-title.elementor-size-medium{font-size:19px}.elementor-widget-heading .elementor-heading-title.elementor-size-large{font-size:29px}.elementor-widget-heading .elementor-heading-title.elementor-size-xl{font-size:39px}.elementor-widget-heading .elementor-heading-title.elementor-size-xxl{font-size:59px}<\/style><h2 class=\"elementor-heading-title elementor-size-default\">POUR RETROUVER DU SENS EN TANT QUE  FIBROMYALGIQUE<\/h2>\t\t<\/div>\n\t\t\t\t<\/div>\n\t\t\t\t\t<\/div>\n\t\t\t\t<\/div>\n\t\t<div class=\"elementor-element elementor-element-06de14f e-flex e-con-boxed e-con e-parent\" data-id=\"06de14f\" data-element_type=\"container\" data-settings=\"{&quot;background_background&quot;:&quot;classic&quot;,&quot;content_width&quot;:&quot;boxed&quot;}\" data-core-v316-plus=\"true\">\n\t\t\t\t\t<div class=\"e-con-inner\">\n\t\t\t\t\t<\/div>\n\t\t\t\t<\/div>\n\t\t<div class=\"elementor-element elementor-element-af15728 e-flex e-con-boxed e-con e-parent\" data-id=\"af15728\" data-element_type=\"container\" data-settings=\"{&quot;background_background&quot;:&quot;classic&quot;,&quot;content_width&quot;:&quot;boxed&quot;}\" data-core-v316-plus=\"true\">\n\t\t\t\t\t<div class=\"e-con-inner\">\n\t\t\t\t<div class=\"elementor-element elementor-element-fc86597 elementor-widget elementor-widget-heading\" data-id=\"fc86597\" data-element_type=\"widget\" data-widget_type=\"heading.default\">\n\t\t\t\t<div class=\"elementor-widget-container\">\n\t\t\t<h3 class=\"elementor-heading-title elementor-size-default\">\u00ab L\u2019esprit et le corps sont-ils s\u00e9par\u00e9s et si oui, lequel vaut-il mieux choisir ? \u00bb Woody Allen<\/h3>\t\t<\/div>\n\t\t\t\t<\/div>\n\t\t\t\t\t<\/div>\n\t\t\t\t<\/div>\n\t\t<div class=\"elementor-element elementor-element-e277cc2 e-flex e-con-boxed e-con e-parent\" data-id=\"e277cc2\" data-element_type=\"container\" data-settings=\"{&quot;background_background&quot;:&quot;classic&quot;,&quot;content_width&quot;:&quot;boxed&quot;}\" data-core-v316-plus=\"true\">\n\t\t\t\t\t<div class=\"e-con-inner\">\n\t\t<div class=\"elementor-element elementor-element-8a922b9 e-con-full e-flex e-con e-child\" data-id=\"8a922b9\" data-element_type=\"container\" data-settings=\"{&quot;content_width&quot;:&quot;full&quot;,&quot;background_background&quot;:&quot;classic&quot;}\">\n\t\t\t\t<\/div>\n\t\t<div class=\"elementor-element elementor-element-83b8e1d e-con-full e-flex e-con e-child\" data-id=\"83b8e1d\" data-element_type=\"container\" data-settings=\"{&quot;content_width&quot;:&quot;full&quot;,&quot;background_background&quot;:&quot;classic&quot;}\">\n\t\t\t\t<div class=\"elementor-element elementor-element-e988488 elementor-widget elementor-widget-heading\" data-id=\"e988488\" data-element_type=\"widget\" data-widget_type=\"heading.default\">\n\t\t\t\t<div class=\"elementor-widget-container\">\n\t\t\t<h2 class=\"elementor-heading-title elementor-size-default\">Pour qui ?<\/h2>\t\t<\/div>\n\t\t\t\t<\/div>\n\t\t\t\t<div class=\"elementor-element elementor-element-31d953a elementor-widget elementor-widget-text-editor\" data-id=\"31d953a\" data-element_type=\"widget\" data-widget_type=\"text-editor.default\">\n\t\t\t\t<div class=\"elementor-widget-container\">\n\t\t\t<style>\/*! elementor - v3.18.0 - 08-12-2023 *\/\n.elementor-widget-text-editor.elementor-drop-cap-view-stacked .elementor-drop-cap{background-color:#69727d;color:#fff}.elementor-widget-text-editor.elementor-drop-cap-view-framed .elementor-drop-cap{color:#69727d;border:3px solid;background-color:transparent}.elementor-widget-text-editor:not(.elementor-drop-cap-view-default) .elementor-drop-cap{margin-top:8px}.elementor-widget-text-editor:not(.elementor-drop-cap-view-default) .elementor-drop-cap-letter{width:1em;height:1em}.elementor-widget-text-editor .elementor-drop-cap{float:left;text-align:center;line-height:1;font-size:50px}.elementor-widget-text-editor .elementor-drop-cap-letter{display:inline-block}<\/style>\t\t\t\t<p><strong>1. Les diagnostiqu\u00e9s fibromyalgiques.<\/strong><\/p><p>Une fois le diagnostic pos\u00e9, n\u2019attendez pas, ne luttez pas\u2026 mais agissez le plus vite possible par des petits changements quotidiens afin de ne pas vous enfoncer.<\/p><p>H\u00e9las, le d\u00e9lai des cliniques de la douleur est souvent d\u2019un an et plus. Alors je vous propose un cheminement un peu similaire en ce qui concerne la gestion de votre quotidien.<\/p><p>Cette maladie <strong>DOIT<\/strong> \u00eatre prise en compte chaque jour et c\u2019est possible.<\/p><p>Tout d\u2019abord, en \u00e9coutant votre corps et en le respectant.<\/p><p>Ensuite, en changeant des habitudes, en g\u00e9rant vos \u00e9motions et en d\u00e9passant vos croyances limitantes. Tout n\u2019est pas rose. Il y a des hauts et des bas, mais on peut danser sous cet orage et apprendre \u00e0 mieux g\u00e9rer cette maladie.<\/p><p><strong>2. Les personnes souffrant de douleurs et de fatigues chroniques.<\/strong><\/p><p>Vous aussi, il est possible d\u2019adapter le quotidien en trouvant des cl\u00e9s qui permettent de mieux vivre avec les probl\u00e8mes de sant\u00e9.<\/p><p><strong>3. Les personnes stress\u00e9es au quotidien.<\/strong><\/p><p>Si vous \u00eates stress\u00e9 et que vous ne savez plus par o\u00f9 commencer pour un mieux-\u00eatre, je peux vous guider afin de vous proposer un chemin qui vous apporterait une bo\u00eete \u00e0 outils pour plus de s\u00e9r\u00e9nit\u00e9.<\/p><p><strong>4. Si vous ne vous sentez plus \u00e0 votre place dans votre profession.<\/strong><\/p><p>Si vous d\u00e9sirez en changer sans savoir vers quelle direction aller, je peux vous aider \u00e0 y voir plus clair par des questions sur vos atouts et vos envies.<\/p>\t\t\t\t\t\t<\/div>\n\t\t\t\t<\/div>\n\t\t\t\t<\/div>\n\t\t\t\t\t<\/div>\n\t\t\t\t<\/div>\n\t\t<div class=\"elementor-element elementor-element-1f0aed6 e-flex e-con-boxed e-con e-parent\" data-id=\"1f0aed6\" data-element_type=\"container\" data-settings=\"{&quot;background_background&quot;:&quot;classic&quot;,&quot;content_width&quot;:&quot;boxed&quot;}\" data-core-v316-plus=\"true\">\n\t\t\t\t\t<div class=\"e-con-inner\">\n\t\t<div class=\"elementor-element elementor-element-09e53dc e-con-full e-flex e-con e-child\" data-id=\"09e53dc\" data-element_type=\"container\" data-settings=\"{&quot;content_width&quot;:&quot;full&quot;,&quot;background_background&quot;:&quot;classic&quot;}\">\n\t\t\t\t<div class=\"elementor-element elementor-element-df141d5 elementor-widget elementor-widget-heading\" data-id=\"df141d5\" data-element_type=\"widget\" data-widget_type=\"heading.default\">\n\t\t\t\t<div class=\"elementor-widget-container\">\n\t\t\t<h1 class=\"elementor-heading-title elementor-size-default\">Ma m\u00e9thode d\u2019accompagnement <\/h1>\t\t<\/div>\n\t\t\t\t<\/div>\n\t\t\t\t<div class=\"elementor-element elementor-element-7272132 elementor-widget elementor-widget-text-editor\" data-id=\"7272132\" data-element_type=\"widget\" data-widget_type=\"text-editor.default\">\n\t\t\t\t<div class=\"elementor-widget-container\">\n\t\t\t\t\t\t\t<p>Mon accompagnement est avant tout une relation humaine et bienveillante ou chacun(e) trouvera sa place. Si le mot fibromyalgie a \u00e9t\u00e9 diagnostiqu\u00e9, il existe autant de fibromyalgies que de malades. Chacun vit SA maladie diff\u00e9remment, avec des sympt\u00f4mes et des causes diff\u00e9rentes.<\/p><p>Je peux \u00eatre accompagnatrice afin de partager et faire d\u00e9couvrir des techniques, des exercices, conseiller le patient en 5 ou 6 s\u00e9ances d\u2019une heure \u00e0 une heure trente autour d\u2019une tasse de caf\u00e9 ou d\u2019une tisane afin de vous aider \u00e0 construire une bo\u00eete \u00e0 outils qui vous aidera \u00e0 vivre avec votre maladie en partant des th\u00e8mes suivants :<\/p><ul><li>Comprendre la maladie et ses cons\u00e9quences.<\/li><li>\u00a0Rechercher vos ressources pour \u00e9voluer, progresser.<\/li><li>Etudier les habitudes et l\u2019ergonomie du quotidien qui posent probl\u00e8me afin de trouver ensemble des solutions.<\/li><li>Outils pour g\u00e9rer le stress.<\/li><li>Rencontre avec le conjoint ou la famille si besoin.<\/li><li>Guider vers des aides externes si besoin.<\/li><\/ul><p>\u00a0<\/p><p>Mais, si vous le d\u00e9sirez, nous pouvons faire un chemin d\u2019introspection qui lib\u00e8re, aide \u00e0 vivre avec la maladie, \u00e0 mieux g\u00e9rer son stress et parfois envisager un changement de profession.<\/p><p><b>C\u2019est le patient qui choisit SON chemin.<\/b><\/p><p>Cet accompagnement est bas\u00e9 sur l\u2019id\u00e9e que l\u2019on doit vivre AVEC la maladie et non CONTRE. En l\u2019apprivoisant, la reconnaissant et l\u2019acceptant comme une partie de soi.<br \/>La douleur et\/ou la fatigue sont des alertes de nos limites.<br \/>Je peux vous apprendre \u00e0 vous lib\u00e9rer de vos m\u00e9canismes, \u00e0 g\u00e9rer vos \u00e9motions et \u00e0 d\u00e9passer vos croyances limitantes.<\/p>\t\t\t\t\t\t<\/div>\n\t\t\t\t<\/div>\n\t\t\t\t<\/div>\n\t\t<div class=\"elementor-element elementor-element-16b33bd e-con-full e-flex e-con e-child\" data-id=\"16b33bd\" data-element_type=\"container\" data-settings=\"{&quot;content_width&quot;:&quot;full&quot;,&quot;background_background&quot;:&quot;classic&quot;}\">\n\t\t\t\t<\/div>\n\t\t\t\t\t<\/div>\n\t\t\t\t<\/div>\n\t\t<div class=\"elementor-element elementor-element-a7d059d elementor-hidden-tablet elementor-hidden-mobile e-flex e-con-boxed e-con e-parent\" data-id=\"a7d059d\" data-element_type=\"container\" data-settings=\"{&quot;background_background&quot;:&quot;classic&quot;,&quot;content_width&quot;:&quot;boxed&quot;}\" data-core-v316-plus=\"true\">\n\t\t\t\t\t<div class=\"e-con-inner\">\n\t\t\t\t\t<\/div>\n\t\t\t\t<\/div>\n\t\t<div class=\"elementor-element elementor-element-06e876f e-flex e-con-boxed e-con e-parent\" data-id=\"06e876f\" data-element_type=\"container\" data-settings=\"{&quot;background_background&quot;:&quot;gradient&quot;,&quot;content_width&quot;:&quot;boxed&quot;}\" data-core-v316-plus=\"true\">\n\t\t\t\t\t<div class=\"e-con-inner\">\n\t\t<div class=\"elementor-element elementor-element-18c0a84 e-con-full e-flex e-con e-child\" data-id=\"18c0a84\" data-element_type=\"container\" data-settings=\"{&quot;content_width&quot;:&quot;full&quot;}\">\n\t\t\t\t<div class=\"elementor-element elementor-element-7825e21 elementor-widget-divider--view-line elementor-widget elementor-widget-divider\" data-id=\"7825e21\" data-element_type=\"widget\" data-widget_type=\"divider.default\">\n\t\t\t\t<div class=\"elementor-widget-container\">\n\t\t\t<style>\/*! elementor - v3.18.0 - 08-12-2023 *\/\n.elementor-widget-divider{--divider-border-style:none;--divider-border-width:1px;--divider-color:#0c0d0e;--divider-icon-size:20px;--divider-element-spacing:10px;--divider-pattern-height:24px;--divider-pattern-size:20px;--divider-pattern-url:none;--divider-pattern-repeat:repeat-x}.elementor-widget-divider .elementor-divider{display:flex}.elementor-widget-divider .elementor-divider__text{font-size:15px;line-height:1;max-width:95%}.elementor-widget-divider .elementor-divider__element{margin:0 var(--divider-element-spacing);flex-shrink:0}.elementor-widget-divider .elementor-icon{font-size:var(--divider-icon-size)}.elementor-widget-divider .elementor-divider-separator{display:flex;margin:0;direction:ltr}.elementor-widget-divider--view-line_icon .elementor-divider-separator,.elementor-widget-divider--view-line_text .elementor-divider-separator{align-items:center}.elementor-widget-divider--view-line_icon .elementor-divider-separator:after,.elementor-widget-divider--view-line_icon .elementor-divider-separator:before,.elementor-widget-divider--view-line_text .elementor-divider-separator:after,.elementor-widget-divider--view-line_text .elementor-divider-separator:before{display:block;content:\"\";border-bottom:0;flex-grow:1;border-top:var(--divider-border-width) var(--divider-border-style) var(--divider-color)}.elementor-widget-divider--element-align-left .elementor-divider .elementor-divider-separator>.elementor-divider__svg:first-of-type{flex-grow:0;flex-shrink:100}.elementor-widget-divider--element-align-left .elementor-divider-separator:before{content:none}.elementor-widget-divider--element-align-left .elementor-divider__element{margin-left:0}.elementor-widget-divider--element-align-right .elementor-divider .elementor-divider-separator>.elementor-divider__svg:last-of-type{flex-grow:0;flex-shrink:100}.elementor-widget-divider--element-align-right .elementor-divider-separator:after{content:none}.elementor-widget-divider--element-align-right .elementor-divider__element{margin-right:0}.elementor-widget-divider:not(.elementor-widget-divider--view-line_text):not(.elementor-widget-divider--view-line_icon) .elementor-divider-separator{border-top:var(--divider-border-width) var(--divider-border-style) var(--divider-color)}.elementor-widget-divider--separator-type-pattern{--divider-border-style:none}.elementor-widget-divider--separator-type-pattern.elementor-widget-divider--view-line .elementor-divider-separator,.elementor-widget-divider--separator-type-pattern:not(.elementor-widget-divider--view-line) .elementor-divider-separator:after,.elementor-widget-divider--separator-type-pattern:not(.elementor-widget-divider--view-line) .elementor-divider-separator:before,.elementor-widget-divider--separator-type-pattern:not([class*=elementor-widget-divider--view]) .elementor-divider-separator{width:100%;min-height:var(--divider-pattern-height);-webkit-mask-size:var(--divider-pattern-size) 100%;mask-size:var(--divider-pattern-size) 100%;-webkit-mask-repeat:var(--divider-pattern-repeat);mask-repeat:var(--divider-pattern-repeat);background-color:var(--divider-color);-webkit-mask-image:var(--divider-pattern-url);mask-image:var(--divider-pattern-url)}.elementor-widget-divider--no-spacing{--divider-pattern-size:auto}.elementor-widget-divider--bg-round{--divider-pattern-repeat:round}.rtl .elementor-widget-divider .elementor-divider__text{direction:rtl}.e-con-inner>.elementor-widget-divider,.e-con>.elementor-widget-divider{width:var(--container-widget-width,100%);--flex-grow:var(--container-widget-flex-grow)}<\/style>\t\t<div class=\"elementor-divider\">\n\t\t\t<span class=\"elementor-divider-separator\">\n\t\t\t\t\t\t<\/span>\n\t\t<\/div>\n\t\t\t\t<\/div>\n\t\t\t\t<\/div>\n\t\t\t\t<div class=\"elementor-element elementor-element-dd3aa60 elementor-widget elementor-widget-text-editor\" data-id=\"dd3aa60\" data-element_type=\"widget\" data-widget_type=\"text-editor.default\">\n\t\t\t\t<div class=\"elementor-widget-container\">\n\t\t\t\t\t\t\t<p>En plus, pour les personnes qui le d\u00e9sirent, nous pouvons cheminer plus longuement dans l\u2019introspection du <strong>bien-\u00eatre \u00e9motionnel<\/strong> et dans la r\u00e9flexion sur le <strong>changement professionnel<\/strong>.<\/p><div>Les s\u00e9ances suivantes sont payables \u00ab au chapeau \u00bb (\u00e0 l\u2019appr\u00e9ciation du client).<\/div>\t\t\t\t\t\t<\/div>\n\t\t\t\t<\/div>\n\t\t\t\t<div class=\"elementor-element elementor-element-d77b6d8 elementor-align-center elementor-widget elementor-widget-button\" data-id=\"d77b6d8\" data-element_type=\"widget\" data-widget_type=\"button.default\">\n\t\t\t\t<div class=\"elementor-widget-container\">\n\t\t\t\t\t<div class=\"elementor-button-wrapper\">\n\t\t\t<a class=\"elementor-button elementor-button-link elementor-size-lg elementor-animation-float\" href=\"https:\/\/aat-despontin.be\/index.php\/animation\/\">\n\t\t\t\t\t\t<span class=\"elementor-button-content-wrapper\">\n\t\t\t\t\t\t<span class=\"elementor-button-icon elementor-align-icon-right\">\n\t\t\t\t<svg aria-hidden=\"true\" class=\"e-font-icon-svg e-fas-chevron-right\" viewBox=\"0 0 320 512\" xmlns=\"http:\/\/www.w3.org\/2000\/svg\"><path d=\"M285.476 272.971L91.132 467.314c-9.373 9.373-24.569 9.373-33.941 0l-22.667-22.667c-9.357-9.357-9.375-24.522-.04-33.901L188.505 256 34.484 101.255c-9.335-9.379-9.317-24.544.04-33.901l22.667-22.667c9.373-9.373 24.569-9.373 33.941 0L285.475 239.03c9.373 9.372 9.373 24.568.001 33.941z\"><\/path><\/svg>\t\t\t<\/span>\n\t\t\t\t\t\t<span class=\"elementor-button-text\">En savoir plus<\/span>\n\t\t<\/span>\n\t\t\t\t\t<\/a>\n\t\t<\/div>\n\t\t\t\t<\/div>\n\t\t\t\t<\/div>\n\t\t\t\t<\/div>\n\t\t<div class=\"elementor-element elementor-element-447c9eb e-con-full e-flex e-con e-child\" data-id=\"447c9eb\" data-element_type=\"container\" data-settings=\"{&quot;content_width&quot;:&quot;full&quot;,&quot;background_background&quot;:&quot;classic&quot;}\">\n\t\t\t\t<div class=\"elementor-element elementor-element-1b7c187 elementor-widget elementor-widget-heading\" data-id=\"1b7c187\" data-element_type=\"widget\" data-widget_type=\"heading.default\">\n\t\t\t\t<div class=\"elementor-widget-container\">\n\t\t\t<h1 class=\"elementor-heading-title elementor-size-default\">La premi\u00e8re s\u00e9ance est offerte<\/h1>\t\t<\/div>\n\t\t\t\t<\/div>\n\t\t\t\t<div class=\"elementor-element elementor-element-51df96e elementor-widget-divider--view-line elementor-widget elementor-widget-divider\" data-id=\"51df96e\" data-element_type=\"widget\" data-widget_type=\"divider.default\">\n\t\t\t\t<div class=\"elementor-widget-container\">\n\t\t\t\t\t<div class=\"elementor-divider\">\n\t\t\t<span class=\"elementor-divider-separator\">\n\t\t\t\t\t\t<\/span>\n\t\t<\/div>\n\t\t\t\t<\/div>\n\t\t\t\t<\/div>\n\t\t\t\t<div class=\"elementor-element elementor-element-6fbe8fb elementor-align-center elementor-widget elementor-widget-button\" data-id=\"6fbe8fb\" data-element_type=\"widget\" data-widget_type=\"button.default\">\n\t\t\t\t<div class=\"elementor-widget-container\">\n\t\t\t\t\t<div class=\"elementor-button-wrapper\">\n\t\t\t<a class=\"elementor-button elementor-button-link elementor-size-lg elementor-animation-float\" href=\"https:\/\/aat-despontin.be\/index.php\/contact\/\">\n\t\t\t\t\t\t<span class=\"elementor-button-content-wrapper\">\n\t\t\t\t\t\t<span class=\"elementor-button-icon elementor-align-icon-right\">\n\t\t\t\t<svg aria-hidden=\"true\" class=\"e-font-icon-svg e-fas-chevron-right\" viewBox=\"0 0 320 512\" xmlns=\"http:\/\/www.w3.org\/2000\/svg\"><path d=\"M285.476 272.971L91.132 467.314c-9.373 9.373-24.569 9.373-33.941 0l-22.667-22.667c-9.357-9.357-9.375-24.522-.04-33.901L188.505 256 34.484 101.255c-9.335-9.379-9.317-24.544.04-33.901l22.667-22.667c9.373-9.373 24.569-9.373 33.941 0L285.475 239.03c9.373 9.372 9.373 24.568.001 33.941z\"><\/path><\/svg>\t\t\t<\/span>\n\t\t\t\t\t\t<span class=\"elementor-button-text\">Me contacter<\/span>\n\t\t<\/span>\n\t\t\t\t\t<\/a>\n\t\t<\/div>\n\t\t\t\t<\/div>\n\t\t\t\t<\/div>\n\t\t\t\t<\/div>\n\t\t\t\t\t<\/div>\n\t\t\t\t<\/div>\n\t\t\t\t\t\t\t<\/div>\n\t\t","protected":false},"excerpt":{"rendered":"<p>POUR RETROUVER DU SENS EN TANT QUE FIBROMYALGIQUE \u00ab L\u2019esprit et le corps sont-ils s\u00e9par\u00e9s et si oui, lequel vaut-il mieux choisir ? \u00bb Woody Allen Pour qui ? 1. Les diagnostiqu\u00e9s fibromyalgiques. Une fois le diagnostic pos\u00e9, n\u2019attendez pas, ne luttez pas\u2026 mais agissez le plus vite possible par des petits changements quotidiens afin [&hellip;]<\/p>\n","protected":false},"author":2,"featured_media":0,"parent":0,"menu_order":0,"comment_status":"closed","ping_status":"closed","template":"","meta":{"footnotes":""},"class_list":["post-28","page","type-page","status-publish","hentry"],"_links":{"self":[{"href":"https:\/\/aat-despontin.be\/index.php\/wp-json\/wp\/v2\/pages\/28","targetHints":{"allow":["GET"]}}],"collection":[{"href":"https:\/\/aat-despontin.be\/index.php\/wp-json\/wp\/v2\/pages"}],"about":[{"href":"https:\/\/aat-despontin.be\/index.php\/wp-json\/wp\/v2\/types\/page"}],"author":[{"embeddable":true,"href":"https:\/\/aat-despontin.be\/index.php\/wp-json\/wp\/v2\/users\/2"}],"replies":[{"embeddable":true,"href":"https:\/\/aat-despontin.be\/index.php\/wp-json\/wp\/v2\/comments?post=28"}],"version-history":[{"count":163,"href":"https:\/\/aat-despontin.be\/index.php\/wp-json\/wp\/v2\/pages\/28\/revisions"}],"predecessor-version":[{"id":1172,"href":"https:\/\/aat-despontin.be\/index.php\/wp-json\/wp\/v2\/pages\/28\/revisions\/1172"}],"wp:attachment":[{"href":"https:\/\/aat-despontin.be\/index.php\/wp-json\/wp\/v2\/media?parent=28"}],"curies":[{"name":"wp","href":"https:\/\/api.w.org\/{rel}","templated":true}]}}